{"id":907,"date":"2021-04-15T15:27:23","date_gmt":"2021-04-15T15:27:23","guid":{"rendered":"https:\/\/restaurantecesar.pt\/pt\/?page_id=907"},"modified":"2024-07-17T15:57:40","modified_gmt":"2024-07-17T15:57:40","slug":"sobremesas","status":"publish","type":"page","link":"https:\/\/restaurantecesar.pt\/pt\/sobremesas\/","title":{"rendered":"Sobremesas"},"content":{"rendered":"\t\t<div data-elementor-type=\"wp-page\" data-elementor-id=\"907\" class=\"elementor elementor-907\">\n\t\t\t\t\t\t<section class=\"elementor-section elementor-top-section elementor-element elementor-element-38368f56 elementor-section-boxed elementor-section-height-default elementor-section-height-default\" data-id=\"38368f56\" data-element_type=\"section\">\n\t\t\t\t\t\t<div class=\"elementor-container elementor-column-gap-default\">\n\t\t\t\t\t<div class=\"elementor-column elementor-col-50 elementor-top-column elementor-element elementor-element-49e6e9f3\" data-id=\"49e6e9f3\" data-element_type=\"column\">\n\t\t\t<div class=\"elementor-widget-wrap elementor-element-populated\">\n\t\t\t\t\t\t<div class=\"elementor-element elementor-element-7175d1c0 elementor-widget-divider--view-line elementor-widget elementor-widget-divider\" data-id=\"7175d1c0\" data-element_type=\"widget\" data-widget_type=\"divider.default\">\n\t\t\t\t<div class=\"elementor-widget-container\">\n\t\t\t\t\t\t\t<div class=\"elementor-divider\">\n\t\t\t<span class=\"elementor-divider-separator\">\n\t\t\t\t\t\t<\/span>\n\t\t<\/div>\n\t\t\t\t\t\t<\/div>\n\t\t\t\t<\/div>\n\t\t\t\t<div class=\"elementor-element elementor-element-2a8a5e56 elementor-widget elementor-widget-image\" data-id=\"2a8a5e56\" data-element_type=\"widget\" data-widget_type=\"image.default\">\n\t\t\t\t<div class=\"elementor-widget-container\">\n\t\t\t\t\t\t\t\t\t\t\t\t\t\t\t\t<a href=\"https:\/\/restaurantecesar.pt\/\">\n\t\t\t\t\t\t\t<img fetchpriority=\"high\" decoding=\"async\" width=\"657\" height=\"238\" src=\"https:\/\/i0.wp.com\/restaurantecesar.pt\/pt\/wp-content\/uploads\/2021\/04\/marisqueira-cesar-logotipo.png?fit=657%2C238&amp;ssl=1\" class=\"attachment-large size-large wp-image-695\" alt=\"\" srcset=\"https:\/\/i0.wp.com\/restaurantecesar.pt\/pt\/wp-content\/uploads\/2021\/04\/marisqueira-cesar-logotipo.png?w=657&amp;ssl=1 657w, https:\/\/i0.wp.com\/restaurantecesar.pt\/pt\/wp-content\/uploads\/2021\/04\/marisqueira-cesar-logotipo.png?resize=300%2C109&amp;ssl=1 300w\" sizes=\"(max-width: 657px) 100vw, 657px\" \/>\t\t\t\t\t\t\t\t<\/a>\n\t\t\t\t\t\t\t\t\t\t\t\t\t\t\t<\/div>\n\t\t\t\t<\/div>\n\t\t\t\t\t<\/div>\n\t\t<\/div>\n\t\t\t\t<div class=\"elementor-column elementor-col-50 elementor-top-column elementor-element elementor-element-35b0f558\" data-id=\"35b0f558\" data-element_type=\"column\">\n\t\t\t<div class=\"elementor-widget-wrap elementor-element-populated\">\n\t\t\t\t\t\t<div class=\"elementor-element elementor-element-1aa47c55 elementor-widget elementor-widget-image\" data-id=\"1aa47c55\" data-element_type=\"widget\" data-widget_type=\"image.default\">\n\t\t\t\t<div class=\"elementor-widget-container\">\n\t\t\t\t\t\t\t\t\t\t\t\t\t\t\t\t<a href=\"https:\/\/restaurantecesar.pt\/\">\n\t\t\t\t\t\t\t<img decoding=\"async\" width=\"730\" height=\"521\" src=\"https:\/\/i0.wp.com\/restaurantecesar.pt\/pt\/wp-content\/uploads\/2021\/04\/sobremesas.png?fit=730%2C521&amp;ssl=1\" class=\"attachment-large size-large wp-image-981\" alt=\"\" srcset=\"https:\/\/i0.wp.com\/restaurantecesar.pt\/pt\/wp-content\/uploads\/2021\/04\/sobremesas.png?w=1024&amp;ssl=1 1024w, https:\/\/i0.wp.com\/restaurantecesar.pt\/pt\/wp-content\/uploads\/2021\/04\/sobremesas.png?resize=300%2C214&amp;ssl=1 300w, https:\/\/i0.wp.com\/restaurantecesar.pt\/pt\/wp-content\/uploads\/2021\/04\/sobremesas.png?resize=768%2C548&amp;ssl=1 768w\" sizes=\"(max-width: 730px) 100vw, 730px\" \/>\t\t\t\t\t\t\t\t<\/a>\n\t\t\t\t\t\t\t\t\t\t\t\t\t\t\t<\/div>\n\t\t\t\t<\/div>\n\t\t\t\t\t<\/div>\n\t\t<\/div>\n\t\t\t\t\t<\/div>\n\t\t<\/section>\n\t\t\t\t<section class=\"elementor-section elementor-top-section elementor-element elementor-element-bd31ad7 elementor-section-boxed elementor-section-height-default elementor-section-height-default\" data-id=\"bd31ad7\" data-element_type=\"section\">\n\t\t\t\t\t\t<div class=\"elementor-container elementor-column-gap-default\">\n\t\t\t\t\t<div class=\"elementor-column elementor-col-25 elementor-top-column elementor-element elementor-element-b674c3c\" data-id=\"b674c3c\" data-element_type=\"column\">\n\t\t\t<div class=\"elementor-widget-wrap\">\n\t\t\t\t\t\t\t<\/div>\n\t\t<\/div>\n\t\t\t\t<div class=\"elementor-column elementor-col-25 elementor-top-column elementor-element elementor-element-067c841\" data-id=\"067c841\" data-element_type=\"column\">\n\t\t\t<div class=\"elementor-widget-wrap\">\n\t\t\t\t\t\t\t<\/div>\n\t\t<\/div>\n\t\t\t\t<div class=\"elementor-column elementor-col-25 elementor-top-column elementor-element elementor-element-a17e702\" data-id=\"a17e702\" data-element_type=\"column\">\n\t\t\t<div class=\"elementor-widget-wrap elementor-element-populated\">\n\t\t\t\t\t\t<div class=\"elementor-element elementor-element-f2c4616 elementor-align-center elementor-widget elementor-widget-button\" data-id=\"f2c4616\" data-element_type=\"widget\" data-widget_type=\"button.default\">\n\t\t\t\t<div class=\"elementor-widget-container\">\n\t\t\t\t\t\t\t\t\t<div class=\"elementor-button-wrapper\">\n\t\t\t\t\t<a class=\"elementor-button elementor-button-link elementor-size-sm\" href=\"https:\/\/restaurantecesar.pt\/pt\/ementa-digital\/\">\n\t\t\t\t\t\t<span class=\"elementor-button-content-wrapper\">\n\t\t\t\t\t\t\t\t\t<span class=\"elementor-button-text\">Ementa<\/span>\n\t\t\t\t\t<\/span>\n\t\t\t\t\t<\/a>\n\t\t\t\t<\/div>\n\t\t\t\t\t\t\t\t<\/div>\n\t\t\t\t<\/div>\n\t\t\t\t\t<\/div>\n\t\t<\/div>\n\t\t\t\t<div class=\"elementor-column elementor-col-25 elementor-top-column elementor-element elementor-element-32bccd2\" data-id=\"32bccd2\" data-element_type=\"column\">\n\t\t\t<div class=\"elementor-widget-wrap elementor-element-populated\">\n\t\t\t\t\t\t<div class=\"elementor-element elementor-element-87d9974 elementor-align-center elementor-widget elementor-widget-button\" data-id=\"87d9974\" data-element_type=\"widget\" data-widget_type=\"button.default\">\n\t\t\t\t<div class=\"elementor-widget-container\">\n\t\t\t\t\t\t\t\t\t<div class=\"elementor-button-wrapper\">\n\t\t\t\t\t<a class=\"elementor-button elementor-button-link elementor-size-sm\" href=\"https:\/\/restaurantecesar.pt\/pt\/bebidas\/\">\n\t\t\t\t\t\t<span class=\"elementor-button-content-wrapper\">\n\t\t\t\t\t\t\t\t\t<span class=\"elementor-button-text\">Carta de Vinhos e Bebidas<\/span>\n\t\t\t\t\t<\/span>\n\t\t\t\t\t<\/a>\n\t\t\t\t<\/div>\n\t\t\t\t\t\t\t\t<\/div>\n\t\t\t\t<\/div>\n\t\t\t\t\t<\/div>\n\t\t<\/div>\n\t\t\t\t\t<\/div>\n\t\t<\/section>\n\t\t\t\t<section class=\"elementor-section elementor-top-section elementor-element elementor-element-2253e90f elementor-section-boxed elementor-section-height-default elementor-section-height-default\" data-id=\"2253e90f\" data-element_type=\"section\">\n\t\t\t\t\t\t<div class=\"elementor-container elementor-column-gap-default\">\n\t\t\t\t\t<div class=\"elementor-column elementor-col-100 elementor-top-column elementor-element elementor-element-3ff51f80\" data-id=\"3ff51f80\" data-element_type=\"column\">\n\t\t\t<div class=\"elementor-widget-wrap elementor-element-populated\">\n\t\t\t\t\t\t<div class=\"elementor-element elementor-element-93caca9 elementor-widget-divider--view-line elementor-widget elementor-widget-divider\" data-id=\"93caca9\" data-element_type=\"widget\" data-widget_type=\"divider.default\">\n\t\t\t\t<div class=\"elementor-widget-container\">\n\t\t\t\t\t\t\t<div class=\"elementor-divider\">\n\t\t\t<span class=\"elementor-divider-separator\">\n\t\t\t\t\t\t<\/span>\n\t\t<\/div>\n\t\t\t\t\t\t<\/div>\n\t\t\t\t<\/div>\n\t\t\t\t\t<\/div>\n\t\t<\/div>\n\t\t\t\t\t<\/div>\n\t\t<\/section>\n\t\t\t\t<section class=\"elementor-section elementor-top-section elementor-element elementor-element-56e82c5d elementor-section-boxed elementor-section-height-default elementor-section-height-default\" data-id=\"56e82c5d\" data-element_type=\"section\">\n\t\t\t\t\t\t<div class=\"elementor-container elementor-column-gap-default\">\n\t\t\t\t\t<div class=\"elementor-column elementor-col-50 elementor-top-column elementor-element elementor-element-52972e15\" data-id=\"52972e15\" data-element_type=\"column\">\n\t\t\t<div class=\"elementor-widget-wrap elementor-element-populated\">\n\t\t\t\t\t\t<div class=\"elementor-element elementor-element-139dc10b elementor-widget elementor-widget-heading\" data-id=\"139dc10b\" data-element_type=\"widget\" data-widget_type=\"heading.default\">\n\t\t\t\t<div class=\"elementor-widget-container\">\n\t\t\t\t\t<h2 class=\"elementor-heading-title elementor-size-default\">DOCES <\/br><span style=\"color:#84A6AF;font-size:14px\">DESSERTS<\/span><\/h2>\t\t\t\t<\/div>\n\t\t\t\t<\/div>\n\t\t\t\t<div class=\"elementor-element elementor-element-2f0ff355 elementor-widget elementor-widget-shortcode\" data-id=\"2f0ff355\" data-element_type=\"widget\" data-widget_type=\"shortcode.default\">\n\t\t\t\t<div class=\"elementor-widget-container\">\n\t\t\t\t\t\t\t<div class=\"elementor-shortcode\">\n<table id=\"tablepress-17\" class=\"tablepress tablepress-id-17\">\n<tbody class=\"row-striping row-hover\">\n<tr class=\"row-1\">\n\t<td class=\"column-1\">Del\u00edcia de Chocolate<\/td><td class=\"column-2\"><span style=\"color:#84A6AF; font-size:12px;\">Chocolate Delight<\/span><\/td><td class=\"column-3\">5,95\u20ac<\/td>\n<\/tr>\n<tr class=\"row-2\">\n\t<td class=\"column-1\">Panacotta com Frutos Vermelhos<\/td><td class=\"column-2\"><span style=\"color:#84A6AF; font-size:12px;\">Panacotta with Red Fruits<\/span><\/td><td class=\"column-3\">5,95\u20ac<\/td>\n<\/tr>\n<tr class=\"row-3\">\n\t<td class=\"column-1\">Crumble de Ma\u00e7a<\/td><td class=\"column-2\"><span style=\"color:#84A6AF; font-size:12px;\">Apple Crumble<\/span><\/td><td class=\"column-3\">6,95\u20ac<\/td>\n<\/tr>\n<tr class=\"row-4\">\n\t<td class=\"column-1\">Pudim Flan<\/td><td class=\"column-2\"><span style=\"color:#84A6AF; font-size:12px;\">Flan<\/span><\/td><td class=\"column-3\">4,50\u20ac<\/td>\n<\/tr>\n<tr class=\"row-5\">\n\t<td class=\"column-1\">Mousse de Chocolate<\/td><td class=\"column-2\"><span style=\"color:#84A6AF; font-size:12px;\">Chocolate Mousse<\/span><\/td><td class=\"column-3\">4,50\u20ac<\/td>\n<\/tr>\n<tr class=\"row-6\">\n\t<td class=\"column-1\">Doce de Am\u00eandoa<\/td><td class=\"column-2\"><span style=\"color:#84A6AF; font-size:12px;\">Almond Dessert<\/span><\/td><td class=\"column-3\">4,95\u20ac<\/td>\n<\/tr>\n<tr class=\"row-7\">\n\t<td class=\"column-1\">Doce da Casa<\/td><td class=\"column-2\"><span style=\"color:#84A6AF; font-size:12px;\">House Dessert<\/span><\/td><td class=\"column-3\">4,95\u20ac<\/td>\n<\/tr>\n<tr class=\"row-8\">\n\t<td class=\"column-1\">Profiteroles<\/td><td class=\"column-2\"><span style=\"color:#84A6AF; font-size:12px;\">Profiteroles<\/span><\/td><td class=\"column-3\">4,95\u20ac<\/td>\n<\/tr>\n<tr class=\"row-9\">\n\t<td class=\"column-1\">Cheesecake de Frutos Vermelhos<\/td><td class=\"column-2\"><span style=\"color:#84A6AF; font-size:12px;\">Red Fruits Cheesecake<\/span><\/td><td class=\"column-3\">5,95\u20ac<\/td>\n<\/tr>\n<tr class=\"row-10\">\n\t<td class=\"column-1\">Crepe com Gelado<\/td><td class=\"column-2\"><span style=\"color:#84A6AF; font-size:12px;\">Cr\u00eape with Ice Cream<\/span><\/td><td class=\"column-3\">6,95\u20ac<\/td>\n<\/tr>\n<tr class=\"row-11\">\n\t<td class=\"column-1\">Crepe com Chocolate Quente<\/td><td class=\"column-2\"><span style=\"color:#84A6AF; font-size:12px;\">Cr\u00eape with Hot Chocolate<\/span><\/td><td class=\"column-3\">4,95\u20ac<\/td>\n<\/tr>\n<tr class=\"row-12\">\n\t<td class=\"column-1\">Doce Suspiro com Frutos Vermelhos<\/td><td class=\"column-2\"><span style=\"color:#84A6AF; font-size:12px;\">Sweet Sigh with Red Fruits<\/span><\/td><td class=\"column-3\">6,95\u20ac<\/td>\n<\/tr>\n<\/tbody>\n<\/table>\n<!-- #tablepress-17 from cache --><\/div>\n\t\t\t\t\t\t<\/div>\n\t\t\t\t<\/div>\n\t\t\t\t<div class=\"elementor-element elementor-element-3f77de4 elementor-widget elementor-widget-heading\" data-id=\"3f77de4\" data-element_type=\"widget\" data-widget_type=\"heading.default\">\n\t\t\t\t<div class=\"elementor-widget-container\">\n\t\t\t\t\t<h2 class=\"elementor-heading-title elementor-size-default\">FRUTA <\/br><span style=\"color:#84A6AF;font-size:14px\">FRUITS<\/span><\/h2>\t\t\t\t<\/div>\n\t\t\t\t<\/div>\n\t\t\t\t<div class=\"elementor-element elementor-element-bf36838 elementor-widget elementor-widget-shortcode\" data-id=\"bf36838\" data-element_type=\"widget\" data-widget_type=\"shortcode.default\">\n\t\t\t\t<div class=\"elementor-widget-container\">\n\t\t\t\t\t\t\t<div class=\"elementor-shortcode\">\n<table id=\"tablepress-20\" class=\"tablepress tablepress-id-20\">\n<tbody class=\"row-striping row-hover\">\n<tr class=\"row-1\">\n\t<td class=\"column-1\">Abacaxi<\/td><td class=\"column-2\"><span style=\"color:#84A6AF; font-size:12px;\">Pineapple<\/span><\/td><td class=\"column-3\">4,50\u20ac<\/td>\n<\/tr>\n<tr class=\"row-2\">\n\t<td class=\"column-1\">Manga<\/td><td class=\"column-2\"><span style=\"color:#84A6AF; font-size:12px;\">Mango<\/span><\/td><td class=\"column-3\">5,25\u20ac<\/td>\n<\/tr>\n<tr class=\"row-3\">\n\t<td class=\"column-1\">Laranja<\/td><td class=\"column-2\"><span style=\"color:#84A6AF; font-size:12px;\">Orange<\/span><\/td><td class=\"column-3\">2,95\u20ac<\/td>\n<\/tr>\n<tr class=\"row-4\">\n\t<td class=\"column-1\">Fruta da \u00c9poca<\/td><td class=\"column-2\"><span style=\"color:#84A6AF; font-size:12px;\">Season Fruit<\/span><\/td><td class=\"column-3\">5,95\u20ac<\/td>\n<\/tr>\n<\/tbody>\n<\/table>\n<!-- #tablepress-20 from cache --><\/div>\n\t\t\t\t\t\t<\/div>\n\t\t\t\t<\/div>\n\t\t\t\t\t<\/div>\n\t\t<\/div>\n\t\t\t\t<div class=\"elementor-column elementor-col-50 elementor-top-column elementor-element elementor-element-3a15fe56\" data-id=\"3a15fe56\" data-element_type=\"column\">\n\t\t\t<div class=\"elementor-widget-wrap elementor-element-populated\">\n\t\t\t\t\t\t<div class=\"elementor-element elementor-element-1960cba9 elementor-widget elementor-widget-heading\" data-id=\"1960cba9\" data-element_type=\"widget\" data-widget_type=\"heading.default\">\n\t\t\t\t<div class=\"elementor-widget-container\">\n\t\t\t\t\t<h2 class=\"elementor-heading-title elementor-size-default\">GELADOS <\/br><span style=\"color:#84A6AF;font-size:14px\">ICE CREAM<\/span><\/h2>\t\t\t\t<\/div>\n\t\t\t\t<\/div>\n\t\t\t\t<div class=\"elementor-element elementor-element-926c830 elementor-widget elementor-widget-shortcode\" data-id=\"926c830\" data-element_type=\"widget\" data-widget_type=\"shortcode.default\">\n\t\t\t\t<div class=\"elementor-widget-container\">\n\t\t\t\t\t\t\t<div class=\"elementor-shortcode\">\n<table id=\"tablepress-18\" class=\"tablepress tablepress-id-18\">\n<tbody class=\"row-striping row-hover\">\n<tr class=\"row-1\">\n\t<td class=\"column-1\">Creme Catalana<\/td><td class=\"column-2\"><span style=\"color:#84A6AF; font-size:12px;\">Catalan Cream<\/span><\/td><td class=\"column-3\">5,95\u20ac<\/td>\n<\/tr>\n<tr class=\"row-2\">\n\t<td class=\"column-1\">Lim\u00e3o<\/td><td class=\"column-2\"><span style=\"color:#84A6AF; font-size:12px;\">Lemon<\/span><\/td><td class=\"column-3\">5,25\u20ac<\/td>\n<\/tr>\n<tr class=\"row-3\">\n\t<td class=\"column-1\">C\u00f4co<\/td><td class=\"column-2\"><span style=\"color:#84A6AF; font-size:12px;\">Coconut<\/span><\/td><td class=\"column-3\">5,25\u20ac<\/td>\n<\/tr>\n<tr class=\"row-4\">\n\t<td class=\"column-1\">Bola de Gelado<\/td><td class=\"column-2\"><span style=\"color:#84A6AF; font-size:12px;\">Ice Cream Ball<\/span><\/td><td class=\"column-3\">1,95\u20ac<\/td>\n<\/tr>\n<tr class=\"row-5\">\n\t<td class=\"column-1\">Tiramis\u00fa<\/td><td class=\"column-2\"><span style=\"color:#84A6AF; font-size:12px;\">Tiramisu<\/span><\/td><td class=\"column-3\">4,95\u20ac<\/td>\n<\/tr>\n<\/tbody>\n<\/table>\n<!-- #tablepress-18 from cache --><\/div>\n\t\t\t\t\t\t<\/div>\n\t\t\t\t<\/div>\n\t\t\t\t<div class=\"elementor-element elementor-element-5c4ed9e elementor-widget elementor-widget-heading\" data-id=\"5c4ed9e\" data-element_type=\"widget\" data-widget_type=\"heading.default\">\n\t\t\t\t<div class=\"elementor-widget-container\">\n\t\t\t\t\t<h2 class=\"elementor-heading-title elementor-size-default\"><span style=\"color:#84A6AF;font-size:14px\">INFANTIL \/ KIDS<\/span><\/h2>\t\t\t\t<\/div>\n\t\t\t\t<\/div>\n\t\t\t\t<div class=\"elementor-element elementor-element-886367c elementor-widget elementor-widget-shortcode\" data-id=\"886367c\" data-element_type=\"widget\" data-widget_type=\"shortcode.default\">\n\t\t\t\t<div class=\"elementor-widget-container\">\n\t\t\t\t\t\t\t<div class=\"elementor-shortcode\">\n<table id=\"tablepress-19\" class=\"tablepress tablepress-id-19\">\n<tbody class=\"row-striping row-hover\">\n<tr class=\"row-1\">\n\t<td class=\"column-1\">LoL Surprise<\/td><td class=\"column-2\"><\/td><td class=\"column-3\">5,50\u20ac<\/td>\n<\/tr>\n<tr class=\"row-2\">\n\t<td class=\"column-1\">Ben &amp; Jerry<\/td><td class=\"column-2\"><\/td><td class=\"column-3\">5,95\u20ac<\/td>\n<\/tr>\n<tr class=\"row-3\">\n\t<td class=\"column-1\">Hariboo<\/td><td class=\"column-2\"><\/td><td class=\"column-3\">4,95\u20ac<\/td>\n<\/tr>\n<tr class=\"row-4\">\n\t<td class=\"column-1\">Barbie<\/td><td class=\"column-2\"><\/td><td class=\"column-3\">5,50\u20ac<\/td>\n<\/tr>\n<tr class=\"row-5\">\n\t<td class=\"column-1\">Hot Wheels<\/td><td class=\"column-2\"><\/td><td class=\"column-3\">5,50\u20ac<\/td>\n<\/tr>\n<tr class=\"row-6\">\n\t<td class=\"column-1\">Patrulha Pata<\/td><td class=\"column-2\"><\/td><td class=\"column-3\">5,50\u20ac<\/td>\n<\/tr>\n<tr class=\"row-7\">\n\t<td class=\"column-1\">Dragon Ball<\/td><td class=\"column-2\"><\/td><td class=\"column-3\">5,50\u20ac<\/td>\n<\/tr>\n<tr class=\"row-8\">\n\t<td class=\"column-1\">Ol\u00e1 Baunilha e Chocolate<\/td><td class=\"column-2\"><span style=\"color:#84A6AF; font-size:12px;\">Ol\u00e1 Vanilla and Chocolate<\/span><\/td><td class=\"column-3\">2,50\u20ac<\/td>\n<\/tr>\n<\/tbody>\n<\/table>\n<!-- #tablepress-19 from cache --><\/div>\n\t\t\t\t\t\t<\/div>\n\t\t\t\t<\/div>\n\t\t\t\t\t<\/div>\n\t\t<\/div>\n\t\t\t\t\t<\/div>\n\t\t<\/section>\n\t\t\t\t<section class=\"elementor-section elementor-top-section elementor-element elementor-element-b804210 elementor-section-boxed elementor-section-height-default elementor-section-height-default\" data-id=\"b804210\" data-element_type=\"section\">\n\t\t\t\t\t\t<div class=\"elementor-container elementor-column-gap-default\">\n\t\t\t\t\t<div class=\"elementor-column elementor-col-100 elementor-top-column elementor-element elementor-element-71543d7\" data-id=\"71543d7\" data-element_type=\"column\">\n\t\t\t<div class=\"elementor-widget-wrap elementor-element-populated\">\n\t\t\t\t\t\t<div class=\"elementor-element elementor-element-700721c elementor-widget elementor-widget-text-editor\" data-id=\"700721c\" data-element_type=\"widget\" data-widget_type=\"text-editor.default\">\n\t\t\t\t<div class=\"elementor-widget-container\">\n\t\t\t\t\t\t\t\t\t<p style=\"text-align: center;\"><span style=\"color: #000000; font-size: 12px;\">Importante<\/span> <span style=\"color: #84a6af; font-size: 12px;\"> \/ Informamos os nossos clientes que a cozinha encerra \u00e0s 22h00 e o hor\u00e1rio de encerramento do restaurante \u00e9 \u00e0s 24h00.<\/span><\/p>\t\t\t\t\t\t\t\t<\/div>\n\t\t\t\t<\/div>\n\t\t\t\t\t<\/div>\n\t\t<\/div>\n\t\t\t\t\t<\/div>\n\t\t<\/section>\n\t\t\t\t<section class=\"elementor-section elementor-top-section elementor-element elementor-element-10be7951 elementor-section-boxed elementor-section-height-default elementor-section-height-default\" data-id=\"10be7951\" data-element_type=\"section\" data-settings=\"{&quot;background_background&quot;:&quot;classic&quot;}\">\n\t\t\t\t\t\t<div class=\"elementor-container elementor-column-gap-default\">\n\t\t\t\t\t<div class=\"elementor-column elementor-col-50 elementor-top-column elementor-element elementor-element-fdd6a88\" data-id=\"fdd6a88\" data-element_type=\"column\">\n\t\t\t<div class=\"elementor-widget-wrap elementor-element-populated\">\n\t\t\t\t\t\t<div class=\"elementor-element elementor-element-233ef1bc elementor-widget elementor-widget-text-editor\" data-id=\"233ef1bc\" data-element_type=\"widget\" data-widget_type=\"text-editor.default\">\n\t\t\t\t<div class=\"elementor-widget-container\">\n\t\t\t\t\t\t\t\t\t<p style=\"text-align: center;\"><strong>Restaurante C\u00e9sar<\/strong> \u00a9 2021 &#8211; Todos os direitos reservados<\/p>\t\t\t\t\t\t\t\t<\/div>\n\t\t\t\t<\/div>\n\t\t\t\t\t<\/div>\n\t\t<\/div>\n\t\t\t\t<div class=\"elementor-column elementor-col-50 elementor-top-column elementor-element elementor-element-772818a8\" data-id=\"772818a8\" data-element_type=\"column\">\n\t\t\t<div class=\"elementor-widget-wrap elementor-element-populated\">\n\t\t\t\t\t\t<div class=\"elementor-element elementor-element-24412038 elementor-widget elementor-widget-text-editor\" data-id=\"24412038\" data-element_type=\"widget\" data-widget_type=\"text-editor.default\">\n\t\t\t\t<div class=\"elementor-widget-container\">\n\t\t\t\t\t\t\t\t\t<p style=\"text-align: center;\">Desenvolvido por <a href=\"https:\/\/jose.calapez.pt\" target=\"_blank\" rel=\"noopener\"><strong>Jos\u00e9 Calapez<\/strong><\/a> com vista para o mar da <strong><a href=\"https:\/\/mafra.digital\" target=\"_blank\" rel=\"noopener\">Ericeira<\/a><\/strong><\/p>\t\t\t\t\t\t\t\t<\/div>\n\t\t\t\t<\/div>\n\t\t\t\t\t<\/div>\n\t\t<\/div>\n\t\t\t\t\t<\/div>\n\t\t<\/section>\n\t\t\t\t<\/div>\n\t\t","protected":false},"excerpt":{"rendered":"<p>Ementa Carta de Vinhos e Bebidas DOCES DESSERTS FRUTA FRUITS GELADOS ICE CREAM INFANTIL \/ KIDS Importante \/ Informamos os nossos clientes que a cozinha encerra \u00e0s 22h00 e o hor\u00e1rio de encerramento do restaurante \u00e9 \u00e0s 24h00. Restaurante C\u00e9sar&#8230; <\/p>\n<div class=\"readmore-section\"><a href=\"https:\/\/restaurantecesar.pt\/pt\/sobremesas\/\"><input type=\"submit\" name=\"submit\" value=\"Continue reading&#8230;\" class=\"readmore-btn\" ><\/a><\/div>\n","protected":false},"author":1,"featured_media":0,"parent":0,"menu_order":0,"comment_status":"closed","ping_status":"closed","template":"template-landing-page.php","meta":{"footnotes":""},"aioseo_notices":[],"jetpack_sharing_enabled":true,"_links":{"self":[{"href":"https:\/\/restaurantecesar.pt\/pt\/wp-json\/wp\/v2\/pages\/907"}],"collection":[{"href":"https:\/\/restaurantecesar.pt\/pt\/wp-json\/wp\/v2\/pages"}],"about":[{"href":"https:\/\/restaurantecesar.pt\/pt\/wp-json\/wp\/v2\/types\/page"}],"author":[{"embeddable":true,"href":"https:\/\/restaurantecesar.pt\/pt\/wp-json\/wp\/v2\/users\/1"}],"replies":[{"embeddable":true,"href":"https:\/\/restaurantecesar.pt\/pt\/wp-json\/wp\/v2\/comments?post=907"}],"version-history":[{"count":71,"href":"https:\/\/restaurantecesar.pt\/pt\/wp-json\/wp\/v2\/pages\/907\/revisions"}],"predecessor-version":[{"id":1329,"href":"https:\/\/restaurantecesar.pt\/pt\/wp-json\/wp\/v2\/pages\/907\/revisions\/1329"}],"wp:attachment":[{"href":"https:\/\/restaurantecesar.pt\/pt\/wp-json\/wp\/v2\/media?parent=907"}],"curies":[{"name":"wp","href":"https:\/\/api.w.org\/{rel}","templated":true}]}}